{"id":7,"date":"2025-07-07T09:21:37","date_gmt":"2025-07-07T09:21:37","guid":{"rendered":"https:\/\/www.instalbois.fr\/?page_id=7"},"modified":"2025-07-08T16:37:32","modified_gmt":"2025-07-08T16:37:32","slug":"accueil","status":"publish","type":"page","link":"https:\/\/www.instalbois.fr\/","title":{"rendered":"Accueil"},"content":{"rendered":"\n<h2 class=\"wp-block-heading alignfull has-background\" style=\"background-color:#1a0802;font-size:54px\"><\/h2>\n\n\n\n<div class=\"wp-block-group alignfull has-ast-global-color-5-background-color has-background is-layout-constrained wp-container-core-group-is-layout-e4695da9 wp-block-group-is-layout-constrained\" style=\"padding-top:var(--wp--preset--spacing--20);padding-bottom:0px\">\n<div class=\"wp-block-columns are-vertically-aligned-top is-layout-flex wp-container-core-columns-is-layout-00723822 wp-block-columns-is-layout-flex\">\n<div class=\"wp-block-column is-vertically-aligned-top is-layout-flow wp-container-core-column-is-layout-6b73ce23 wp-block-column-is-layout-flow\">\n<figure class=\"wp-block-image aligncenter size-thumbnail\" style=\"margin-top:var(--wp--preset--spacing--40);margin-bottom:var(--wp--preset--spacing--40)\"><img loading=\"lazy\" decoding=\"async\" width=\"150\" height=\"150\" src=\"https:\/\/www.instalbois.fr\/wp-content\/uploads\/2025\/07\/MarteauHD-150x150.png\" alt=\"\" class=\"wp-image-34\" style=\"box-shadow:none\" srcset=\"https:\/\/www.instalbois.fr\/wp-content\/uploads\/2025\/07\/MarteauHD-150x150.png 150w, https:\/\/www.instalbois.fr\/wp-content\/uploads\/2025\/07\/MarteauHD.png 200w\" sizes=\"auto, (max-width: 150px) 100vw, 150px\" \/><\/figure>\n\n\n\n<h3 class=\"wp-block-heading has-text-align-center\" style=\"margin-top:0px\">Travail artisanal<\/h3>\n\n\n\n<p class=\"has-text-align-center\"><br>Transformer le bois en cr\u00e9ations uniques, durables et sur mesure.<\/p>\n<\/div>\n\n\n\n<div class=\"wp-block-column is-vertically-aligned-top is-layout-flow wp-container-core-column-is-layout-6b73ce23 wp-block-column-is-layout-flow\">\n<figure class=\"wp-block-image aligncenter size-thumbnail\" style=\"margin-top:var(--wp--preset--spacing--40);margin-bottom:var(--wp--preset--spacing--40)\"><img loading=\"lazy\" decoding=\"async\" width=\"150\" height=\"150\" src=\"https:\/\/www.instalbois.fr\/wp-content\/uploads\/2025\/07\/EtoileHD-150x150.png\" alt=\"\" class=\"wp-image-35\" style=\"box-shadow:none\" srcset=\"https:\/\/www.instalbois.fr\/wp-content\/uploads\/2025\/07\/EtoileHD-150x150.png 150w, https:\/\/www.instalbois.fr\/wp-content\/uploads\/2025\/07\/EtoileHD.png 200w\" sizes=\"auto, (max-width: 150px) 100vw, 150px\" \/><\/figure>\n\n\n\n<h3 class=\"wp-block-heading has-text-align-center\" style=\"margin-top:0px\">Qualit\u00e9s &amp; finitions<\/h3>\n\n\n\n<p class=\"has-text-align-center\"><br>La pr\u00e9cision des assemblages pour un rendu esth\u00e9tique et durable.<\/p>\n<\/div>\n\n\n\n<div class=\"wp-block-column is-vertically-aligned-top is-layout-flow wp-container-core-column-is-layout-6b73ce23 wp-block-column-is-layout-flow\">\n<figure class=\"wp-block-image aligncenter size-thumbnail\" style=\"margin-top:var(--wp--preset--spacing--40);margin-bottom:var(--wp--preset--spacing--40)\"><img loading=\"lazy\" decoding=\"async\" width=\"150\" height=\"150\" src=\"https:\/\/www.instalbois.fr\/wp-content\/uploads\/2025\/07\/DEvisHD-150x150.png\" alt=\"\" class=\"wp-image-36\" style=\"box-shadow:none\" srcset=\"https:\/\/www.instalbois.fr\/wp-content\/uploads\/2025\/07\/DEvisHD-150x150.png 150w, https:\/\/www.instalbois.fr\/wp-content\/uploads\/2025\/07\/DEvisHD.png 200w\" sizes=\"auto, (max-width: 150px) 100vw, 150px\" \/><\/figure>\n\n\n\n<h3 class=\"wp-block-heading has-text-align-center\" style=\"margin-top:0px\">Devis gratuit<\/h3>\n\n\n\n<p class=\"has-text-align-center\"><br>Une estimation claire et sans engagement.<\/p>\n<\/div>\n<\/div>\n<\/div>\n\n\n\n<div class=\"wp-block-group alignfull is-layout-constrained wp-container-core-group-is-layout-33a04426 wp-block-group-is-layout-constrained has-background\" id=\"reviews\" style=\"margin-top:var(--wp--preset--spacing--40);margin-bottom:var(--wp--preset--spacing--40);padding-top:var(--wp--preset--spacing--70);padding-bottom:var(--wp--preset--spacing--70);background-image:url(&apos;http:\/\/www.instalbois.fr\/wp-content\/uploads\/2025\/07\/fond2-scaled.jpg&apos;);background-size:cover;\">\n<p class=\"has-text-align-center has-text-color has-link-color wp-elements-5f83900fc7a24750b611d3defea417c4\" style=\"color:#ffe6ad;font-size:17px;line-height:1.6\"><em>\u00ab&nbsp;Passionn\u00e9 par le bois et le travail bien fait, je mets mon savoir-faire au service de vos projets d\u2019am\u00e9nagement int\u00e9rieur et ext\u00e9rieur. Sp\u00e9cialis\u00e9 en menuiserie et agencement depuis plus de 20 ans, je con\u00e7ois et r\u00e9alise des ouvrages sur mesure, alliant esth\u00e9tisme, fonctionnalit\u00e9 et durabilit\u00e9.&nbsp;\u00bb<\/em><\/p>\n\n\n\n<p class=\"has-text-align-center has-text-color has-link-color wp-elements-69d822961e4e580aa4cc818659c22a4e\" style=\"color:#ffe6ad;font-size:17px;line-height:1.6\"><strong><em>Nicolas Bonnardel<\/em><\/strong><em>&nbsp;\u2013&nbsp;Artisan, Menuisier, Agenceur&nbsp;\u2013 R\u00e9aumont, Is\u00e8re<\/em><\/p>\n<\/div>\n\n\n\n<div class=\"wp-block-group alignfull is-layout-constrained wp-container-core-group-is-layout-bec84ed4 wp-block-group-is-layout-constrained\" id=\"services\" style=\"margin-top:var(--wp--preset--spacing--70);margin-bottom:var(--wp--preset--spacing--70);padding-top:0px;padding-bottom:0px\">\n<h4 class=\"wp-block-heading\">Mon Savoir-Faire<\/h4>\n\n\n\n<div class=\"wp-block-columns is-layout-flex wp-container-core-columns-is-layout-60cbf9bb wp-block-columns-is-layout-flex\" style=\"margin-top:50px\">\n<div class=\"wp-block-column is-layout-flow wp-container-core-column-is-layout-6b73ce23 wp-block-column-is-layout-flow\">\n<figure class=\"wp-block-image size-full\"><img loading=\"lazy\" decoding=\"async\" width=\"480\" height=\"600\" src=\"https:\/\/www.instalbois.fr\/wp-content\/uploads\/2025\/07\/dressing.jpg\" alt=\"\" class=\"wp-image-46\" srcset=\"https:\/\/www.instalbois.fr\/wp-content\/uploads\/2025\/07\/dressing.jpg 480w, https:\/\/www.instalbois.fr\/wp-content\/uploads\/2025\/07\/dressing-240x300.jpg 240w\" sizes=\"auto, (max-width: 480px) 100vw, 480px\" \/><\/figure>\n\n\n\n<h4 class=\"wp-block-heading\" style=\"margin-top:16px\">Agencement<\/h4>\n\n\n\n<p>Optimisez et embellissez votre espace avec un agencement pens\u00e9 pour vous. Du mobilier sur mesure aux rangements astucieux, je pose ou fabrique tout type d\u2019agencement\u00a0: cuisine, biblioth\u00e8que, dressing, salle de bain, pour particulier ou professionnel. Je mets mon savoir-faire au service de votre int\u00e9rieur.<\/p>\n<\/div>\n\n\n\n<div class=\"wp-block-column is-layout-flow wp-container-core-column-is-layout-6b73ce23 wp-block-column-is-layout-flow\">\n<figure class=\"wp-block-image size-full\"><img loading=\"lazy\" decoding=\"async\" width=\"480\" height=\"600\" src=\"https:\/\/www.instalbois.fr\/wp-content\/uploads\/2025\/07\/parquet.jpg\" alt=\"\" class=\"wp-image-47\" srcset=\"https:\/\/www.instalbois.fr\/wp-content\/uploads\/2025\/07\/parquet.jpg 480w, https:\/\/www.instalbois.fr\/wp-content\/uploads\/2025\/07\/parquet-240x300.jpg 240w\" sizes=\"auto, (max-width: 480px) 100vw, 480px\" \/><\/figure>\n\n\n\n<h4 class=\"wp-block-heading\" style=\"margin-top:16px\">Parquets<\/h4>\n\n\n\n<p>Je pose votre parquet avec pr\u00e9cision et savoir-faire, pour un r\u00e9sultat \u00e0 la hauteur de vos attentes. <br>Bois massif, contrecoll\u00e9 ou stratifi\u00e9, en pose flottante ou coll\u00e9e.<\/p>\n<\/div>\n\n\n\n<div class=\"wp-block-column is-layout-flow wp-container-core-column-is-layout-6b73ce23 wp-block-column-is-layout-flow\">\n<figure class=\"wp-block-image size-full\"><img loading=\"lazy\" decoding=\"async\" width=\"480\" height=\"600\" src=\"https:\/\/www.instalbois.fr\/wp-content\/uploads\/2025\/07\/exterieur1.jpg\" alt=\"\" class=\"wp-image-48\" srcset=\"https:\/\/www.instalbois.fr\/wp-content\/uploads\/2025\/07\/exterieur1.jpg 480w, https:\/\/www.instalbois.fr\/wp-content\/uploads\/2025\/07\/exterieur1-240x300.jpg 240w\" sizes=\"auto, (max-width: 480px) 100vw, 480px\" \/><\/figure>\n\n\n\n<h4 class=\"wp-block-heading\" style=\"margin-top:16px\"><strong>Terrasse<\/strong><\/h4>\n\n\n\n<p>Apportez un cachet \u00e0 vos ext\u00e9rieurs avec des r\u00e9alisations aussi bien en bois qu\u2019en composite, pose sur lambourdes ou plots. Je r\u00e9alise des ouvrages durables qui allient esth\u00e9tisme et p\u00e9rennit\u00e9.<\/p>\n<\/div>\n<\/div>\n<\/div>\n\n\n\n<div class=\"wp-block-group alignfull has-background is-layout-constrained wp-container-core-group-is-layout-b3db6ae1 wp-block-group-is-layout-constrained\" id=\"about\" style=\"background-color:#f4ecd5;margin-top:0;margin-bottom:0;padding-top:0px;padding-right:0;padding-bottom:0px;padding-left:0\">\n<div class=\"wp-block-media-text is-stacked-on-mobile is-vertically-aligned-center\" style=\"padding-top:var(--wp--preset--spacing--50);padding-right:var(--wp--preset--spacing--50);padding-bottom:var(--wp--preset--spacing--50);padding-left:var(--wp--preset--spacing--50);grid-template-columns:45% auto\"><figure class=\"wp-block-media-text__media\"><img loading=\"lazy\" decoding=\"async\" width=\"1200\" height=\"1600\" src=\"https:\/\/www.instalbois.fr\/wp-content\/uploads\/2025\/07\/07.jpg\" alt=\"\" class=\"wp-image-56 size-full\" srcset=\"https:\/\/www.instalbois.fr\/wp-content\/uploads\/2025\/07\/07.jpg 1200w, https:\/\/www.instalbois.fr\/wp-content\/uploads\/2025\/07\/07-225x300.jpg 225w, https:\/\/www.instalbois.fr\/wp-content\/uploads\/2025\/07\/07-768x1024.jpg 768w, https:\/\/www.instalbois.fr\/wp-content\/uploads\/2025\/07\/07-1152x1536.jpg 1152w\" sizes=\"auto, (max-width: 1200px) 100vw, 1200px\" \/><\/figure><div class=\"wp-block-media-text__content\">\n<div class=\"inherit-container-width wp-block-group is-layout-constrained wp-container-core-group-is-layout-59ac5a0a wp-block-group-is-layout-constrained\" style=\"padding-right:0px;padding-left:0\">\n<h4 class=\"wp-block-heading has-text-align-center\" style=\"padding-right:40px\"><br>Une Pose Soign\u00e9e &amp; Durable<\/h4>\n\n\n\n<p class=\"has-text-align-center\" style=\"margin-right:0;margin-left:0;padding-right:0;padding-left:0\"><br>Chaque \u00e9l\u00e9ment est install\u00e9 avec pr\u00e9cision, qu\u2019il s\u2019agisse d\u2019un meuble sur mesure, d\u2019un escalier, d\u2019un parquet ou d\u2019un agencement complet. Je veille \u00e0 ce que les fixations soient solides et durables, j\u2019apporte les ajustements n\u00e9cessaires sur place pour un rendu impeccable.<\/p>\n<\/div>\n<\/div><\/div>\n<\/div>\n\n\n\n<div class=\"wp-block-nk-awb nk-awb alignfull\" style=\"min-height:232px;padding-top:0;padding-bottom:0\"><div class=\"nk-awb-wrap\" data-awb-type=\"image\" data-awb-parallax=\"scroll\" data-awb-parallax-speed=\"0.5\" data-awb-parallax-mobile=\"true\" data-awb-image-background-size=\"cover\" data-awb-image-background-position=\"50% 50%\"><div class=\"nk-awb-inner\"><img loading=\"lazy\" decoding=\"async\" src=\"https:\/\/www.instalbois.fr\/wp-content\/uploads\/2025\/07\/Devis3.jpg\" class=\"wp-image-58 jarallax-img\" width=\"1792\" height=\"565\" srcset=\"https:\/\/www.instalbois.fr\/wp-content\/uploads\/2025\/07\/Devis3.jpg 1792w, https:\/\/www.instalbois.fr\/wp-content\/uploads\/2025\/07\/Devis3-300x95.jpg 300w, https:\/\/www.instalbois.fr\/wp-content\/uploads\/2025\/07\/Devis3-1024x323.jpg 1024w, https:\/\/www.instalbois.fr\/wp-content\/uploads\/2025\/07\/Devis3-768x242.jpg 768w, https:\/\/www.instalbois.fr\/wp-content\/uploads\/2025\/07\/Devis3-1536x484.jpg 1536w\" sizes=\"auto, (max-width: 1792px) 100vw, 1792px\" \/><\/div><\/div><div class=\"nk-awb-wrap-content is-layout-flow wp-block-nk-awb-is-layout-flow\">\n<div class=\"wp-block-buttons is-vertical is-content-justification-center is-layout-flex wp-container-core-buttons-is-layout-d641b82f wp-block-buttons-is-layout-flex\" style=\"padding-top:var(--wp--preset--spacing--80);padding-bottom:var(--wp--preset--spacing--80)\">\n<div class=\"wp-block-button is-style-fill\"><a class=\"wp-block-button__link has-medium-font-size has-custom-font-size wp-element-button\" href=\"mailto:nb@instalbois.fr\" style=\"border-style:none;border-width:0px\" target=\"_blank\" rel=\"noreferrer noopener\">Contactez-moi<\/a><\/div>\n<\/div>\n<\/div><\/div>\n\n\n\n<p class=\"has-cyan-bluish-gray-color has-text-color has-link-color has-small-font-size wp-elements-e7480971d8e473cf9fb53495855f7de6\" style=\"padding-top:var(--wp--preset--spacing--40);padding-right:var(--wp--preset--spacing--50);padding-bottom:var(--wp--preset--spacing--40);padding-left:var(--wp--preset--spacing--50)\">r\u00e9alisation graphique : <a href=\"http:\/\/www.videaste-strasbourg.fr\" data-type=\"link\" data-id=\"www.videaste-strasbourg.fr\" target=\"_blank\" rel=\"noreferrer noopener\">Julie Ogier-Denis<\/a><\/p>\n\n\n\n<p><\/p>\n","protected":false},"excerpt":{"rendered":"<p>Travail artisanal Transformer le bois en cr\u00e9ations uniques, durables et sur mesure. Qualit\u00e9s &amp; finitions La pr\u00e9cision des assemblages pour [&hellip;]<\/p>\n","protected":false},"author":1,"featured_media":0,"parent":0,"menu_order":0,"comment_status":"closed","ping_status":"closed","template":"","meta":{"site-sidebar-layout":"no-sidebar","site-content-layout":"plain-container","ast-site-content-layout":"default","site-content-style":"default","site-sidebar-style":"default","ast-global-header-display":"","ast-banner-title-visibility":"","ast-main-header-display":"","ast-hfb-above-header-display":"","ast-hfb-below-header-display":"","ast-hfb-mobile-header-display":"","site-post-title":"disabled","ast-breadcrumbs-content":"","ast-featured-img":"","footer-sml-layout":"","theme-transparent-header-meta":"enabled","adv-header-id-meta":"","stick-header-meta":"","header-above-stick-meta":"","header-main-stick-meta":"","header-below-stick-meta":"","astra-migrate-meta-layouts":"default","ast-page-background-enabled":"default","ast-page-background-meta":{"desktop":{"background-color":"var(--ast-global-color-5)","background-image":"","background-repeat":"repeat","background-position":"center center","background-size":"auto","background-attachment":"scroll","background-type":"","background-media":"","overlay-type":"","overlay-color":"","overlay-opacity":"","overlay-gradient":""},"tablet":{"background-color":"","background-image":"","background-repeat":"repeat","background-position":"center center","background-size":"auto","background-attachment":"scroll","background-type":"","background-media":"","overlay-type":"","overlay-color":"","overlay-opacity":"","overlay-gradient":""},"mobile":{"background-color":"","background-image":"","background-repeat":"repeat","background-position":"center center","background-size":"auto","background-attachment":"scroll","background-type":"","background-media":"","overlay-type":"","overlay-color":"","overlay-opacity":"","overlay-gradient":""}},"ast-content-background-meta":{"desktop":{"background-color":"var(--ast-global-color-4)","background-image":"","background-repeat":"repeat","background-position":"center center","background-size":"auto","background-attachment":"scroll","background-type":"","background-media":"","overlay-type":"","overlay-color":"","overlay-opacity":"","overlay-gradient":""},"tablet":{"background-color":"var(--ast-global-color-4)","background-image":"","background-repeat":"repeat","background-position":"center center","background-size":"auto","background-attachment":"scroll","background-type":"","background-media":"","overlay-type":"","overlay-color":"","overlay-opacity":"","overlay-gradient":""},"mobile":{"background-color":"var(--ast-global-color-4)","background-image":"","background-repeat":"repeat","background-position":"center center","background-size":"auto","background-attachment":"scroll","background-type":"","background-media":"","overlay-type":"","overlay-color":"","overlay-opacity":"","overlay-gradient":""}},"footnotes":""},"class_list":["post-7","page","type-page","status-publish","hentry"],"_links":{"self":[{"href":"https:\/\/www.instalbois.fr\/index.php\/wp-json\/wp\/v2\/pages\/7","targetHints":{"allow":["GET"]}}],"collection":[{"href":"https:\/\/www.instalbois.fr\/index.php\/wp-json\/wp\/v2\/pages"}],"about":[{"href":"https:\/\/www.instalbois.fr\/index.php\/wp-json\/wp\/v2\/types\/page"}],"author":[{"embeddable":true,"href":"https:\/\/www.instalbois.fr\/index.php\/wp-json\/wp\/v2\/users\/1"}],"replies":[{"embeddable":true,"href":"https:\/\/www.instalbois.fr\/index.php\/wp-json\/wp\/v2\/comments?post=7"}],"version-history":[{"count":56,"href":"https:\/\/www.instalbois.fr\/index.php\/wp-json\/wp\/v2\/pages\/7\/revisions"}],"predecessor-version":[{"id":125,"href":"https:\/\/www.instalbois.fr\/index.php\/wp-json\/wp\/v2\/pages\/7\/revisions\/125"}],"wp:attachment":[{"href":"https:\/\/www.instalbois.fr\/index.php\/wp-json\/wp\/v2\/media?parent=7"}],"curies":[{"name":"wp","href":"https:\/\/api.w.org\/{rel}","templated":true}]}}